{"id":645,"date":"2021-09-21T03:42:18","date_gmt":"2021-09-21T08:42:18","guid":{"rendered":"https:\/\/cindap.org\/index.php\/5b349-home\/"},"modified":"2025-07-19T18:34:24","modified_gmt":"2025-07-19T23:34:24","slug":"5b349-home","status":"publish","type":"page","link":"https:\/\/cindap.org\/","title":{"rendered":"Home"},"content":{"rendered":"\n<div class=\"wp-block-themeisle-blocks-advanced-columns alignfull has-1-columns has-desktop-equal-layout has-tablet-equal-layout has-mobile-equal-layout has-nogap-gap has-vertical-unset\" id=\"wp-block-themeisle-blocks-advanced-columns-af1635f9\"><div class=\"wp-block-themeisle-blocks-advanced-columns-overlay\"><\/div><div class=\"innerblocks-wrap\">\n<div class=\"wp-block-themeisle-blocks-advanced-column\" id=\"wp-block-themeisle-blocks-advanced-column-afacdff0\">\n<h1 id=\"wp-block-themeisle-blocks-advanced-heading-a475539e\" class=\"wp-block-themeisle-blocks-advanced-heading wp-block-themeisle-blocks-advanced-heading-a475539e\"><strong>CORPORACION PARA LA INVESTIGACION, DESARROLLO AGROPECUARIO Y&nbsp; AMBIENTAL &#8211; CINDAP<\/strong><\/h1>\n\n\n\n<div id=\"wp-block-themeisle-blocks-button-group-9a8654eb\" class=\"wp-block-themeisle-blocks-button-group collapse-mobile wp-block-buttons align-center\">\n<div id=\"wp-block-themeisle-blocks-button-35ac0431\" class=\"wp-block-themeisle-blocks-button wp-block-button\"><a href=\"https:\/\/cindap.org\/index.php\/servicios\/\" target=\"_blank\" rel=\"noopener noreferrer\" class=\"wp-block-button__link\"><span>servicios<\/span><\/a><\/div>\n\n\n\n<div id=\"wp-block-themeisle-blocks-button-e9adae71\" class=\"wp-block-themeisle-blocks-button wp-block-button\"><a href=\"https:\/\/cindap.org\/index.php\/proyectos\/\" target=\"_blank\" rel=\"noopener noreferrer\" class=\"wp-block-button__link\"><span>proyectos<\/span><\/a><\/div>\n<\/div>\n\n\n\n<div class=\"wp-block-themeisle-blocks-advanced-columns has-3-columns has-desktop-equal-layout has-tablet-equal-layout has-mobile-collapsedRows-layout has-nogap-gap has-vertical-unset\" id=\"wp-block-themeisle-blocks-advanced-columns-22b703b1\"><div class=\"wp-block-themeisle-blocks-advanced-columns-overlay\"><\/div><div class=\"innerblocks-wrap\">\n<div class=\"wp-block-themeisle-blocks-advanced-column\" id=\"wp-block-themeisle-blocks-advanced-column-28c6bbe1\">\n<div class=\"wp-block-themeisle-blocks-service\">\n<h3 id=\"wp-block-themeisle-blocks-advanced-heading-bbdbb4ea\" class=\"wp-block-themeisle-blocks-advanced-heading wp-block-themeisle-blocks-advanced-heading-bbdbb4ea\"><\/h3>\n<\/div>\n<\/div>\n\n\n\n<div class=\"wp-block-themeisle-blocks-advanced-column\" id=\"wp-block-themeisle-blocks-advanced-column-ae2aa6fc\">\n<div class=\"wp-block-themeisle-blocks-service\">\n<h3 id=\"wp-block-themeisle-blocks-advanced-heading-fb212d38\" class=\"wp-block-themeisle-blocks-advanced-heading wp-block-themeisle-blocks-advanced-heading-fb212d38\"><\/h3>\n<\/div>\n<\/div>\n\n\n\n<div class=\"wp-block-themeisle-blocks-advanced-column\" id=\"wp-block-themeisle-blocks-advanced-column-e2d6cbb5\">\n<div class=\"wp-block-themeisle-blocks-service\">\n<h3 id=\"wp-block-themeisle-blocks-advanced-heading-220b5e63\" class=\"wp-block-themeisle-blocks-advanced-heading wp-block-themeisle-blocks-advanced-heading-220b5e63\"><\/h3>\n<\/div>\n<\/div>\n<\/div><\/div>\n<\/div>\n<\/div><\/div>\n\n\n\n<div class=\"wp-block-themeisle-blocks-advanced-columns alignfull has-2-columns has-desktop-oneTwo-layout has-tablet-collapsedRows-layout has-mobile-collapsedRows-layout has-nogap-gap has-vertical-center\" id=\"about\"><div class=\"wp-block-themeisle-blocks-advanced-columns-overlay\"><\/div><div class=\"innerblocks-wrap\">\n<div class=\"wp-block-themeisle-blocks-advanced-column\" id=\"wp-block-themeisle-blocks-advanced-column-74ac39ec\">\n<div class=\"wp-block-themeisle-blocks-advanced-columns has-1-columns has-desktop-equal-layout hide-in-tablet hide-in-mobile has-default-gap has-vertical-unset\" id=\"wp-block-themeisle-blocks-advanced-columns-3bc3d864\"><div class=\"wp-block-themeisle-blocks-advanced-columns-overlay\"><\/div><div class=\"innerblocks-wrap\">\n<div class=\"wp-block-themeisle-blocks-advanced-column\" id=\"wp-block-themeisle-blocks-advanced-column-3ac7b322\">\n<div class=\"wp-block-columns is-layout-flex wp-container-core-columns-is-layout-9d6595d7 wp-block-columns-is-layout-flex\">\n<div class=\"wp-block-column is-layout-flow wp-block-column-is-layout-flow\" style=\"flex-basis:100%\">\n<figure class=\"wp-block-image size-large\"><a href=\"https:\/\/cindap.org\/waterfall-mountains-trees-984540\/\"><img loading=\"lazy\" decoding=\"async\" width=\"761\" height=\"1024\" src=\"http:\/\/cindap.org\/wp-content\/uploads\/2021\/07\/waterfall-mountains-trees-984540-761x1024.jpg\" alt=\"waterfall, mountains, trees-984540.jpg\" class=\"wp-image-24744\" srcset=\"https:\/\/cindap.org\/wp-content\/uploads\/2021\/07\/waterfall-mountains-trees-984540-761x1024.jpg 761w, https:\/\/cindap.org\/wp-content\/uploads\/2021\/07\/waterfall-mountains-trees-984540-223x300.jpg 223w, https:\/\/cindap.org\/wp-content\/uploads\/2021\/07\/waterfall-mountains-trees-984540-768x1034.jpg 768w, https:\/\/cindap.org\/wp-content\/uploads\/2021\/07\/waterfall-mountains-trees-984540-600x808.jpg 600w, https:\/\/cindap.org\/wp-content\/uploads\/2021\/07\/waterfall-mountains-trees-984540.jpg 951w\" sizes=\"auto, (max-width: 761px) 100vw, 761px\" \/><\/a><\/figure>\n<\/div>\n<\/div>\n<\/div>\n<\/div><\/div>\n<\/div>\n\n\n\n<div class=\"wp-block-themeisle-blocks-advanced-column about-content animated fadeInRight slow\" id=\"wp-block-themeisle-blocks-advanced-column-6782e6de\">\n<div id=\"wp-block-themeisle-blocks-advanced-heading-551e189a\" class=\"wp-block-themeisle-blocks-advanced-heading wp-block-themeisle-blocks-advanced-heading-551e189a\">NT<\/div>\n\n\n\n<h2 id=\"wp-block-themeisle-blocks-advanced-heading-c2ca70b2\" class=\"wp-block-themeisle-blocks-advanced-heading wp-block-themeisle-blocks-advanced-heading-c2ca70b2\">Acerca de nosotros<\/h2>\n\n\n\n<p id=\"wp-block-themeisle-blocks-advanced-heading-4b9bd6e8\" class=\"wp-block-themeisle-blocks-advanced-heading wp-block-themeisle-blocks-advanced-heading-4b9bd6e8\">CINDAP, es una entidad privada, sin \u00e1nimo de lucro, con Personer\u00eda Jur\u00eddica, y cuyos objetivos se orientan hacia la b\u00fasqueda de alternativas de desarrollo socioecon\u00f3mico de los sectores peque\u00f1o \u2013 campesinos, ind\u00edgenas y afrodescendientes, dentro de criterios de rentabilidad econ\u00f3mica, aceptabilidad social y sostenibilidad ambiental, que permitan en la medida de lo posible, el desarrollo paulatino de los sectores beneficiarios.<br><br>CINDAP surge a ra\u00edz de la finalizaci\u00f3n del Proyecto de Sustituci\u00f3n de Cultivos de uso Il\u00edcito (Proyecto de Desarrollo Alternativo &#8211; Sur del Cauca y Norte de Nari\u00f1o Col\/85\/426), adelantado por las Naciones Unidas &#8211; OSP, en 1993. Integrantes del equipo t\u00e9cnico destacado para su implementaci\u00f3n, ante el cese de actividades, determinan iniciar los tr\u00e1mites correspondientes para constituirse como ONG y proseguir de manera independiente, acciones de desarrollo con las comunidades campesinas que hab\u00edan sido cubiertas por el PDA.<br><br>Posteriormente, en 1995,&nbsp; este grupo vincula a nuevos asociados que por su trayectoria de trabajo en la Amazonia Colombiana, plantean la necesidad que la Corporaci\u00f3n se vincule a la regi\u00f3n del Guaviare, dada la necesidad de emprender y dinamizar procesos de igual manera como se ha venido adelantando en el Departamento del Cauca.<br>Es as\u00ed como un grupo inicial de 10 profesionales y t\u00e9cnicos de diversas ramas conforma la base social de la Corporaci\u00f3n, que en la medida del avance de sus acciones objetivo se ha ampliado a un total de 18 miembros.&nbsp; En la actualidad se cuenta con 12 asociados.<br>&nbsp;<br>El desarrollo de sus actividades y la especialidad de sus integrantes han llevado a la Entidad a la creaci\u00f3n de dos sedes fijas (Popay\u00e1n &#8211; Oficina Principal y San Jos\u00e9 del Guaviare &#8211; Subsede) y una sede Transitoria (Bogot\u00e1 D.C), determinada por la necesidad de articular proyectos y acciones que se definen desde el nivel central del Gobierno Nacional<br><br><br><\/p>\n\n\n\n<p><strong>DOCUMENTOS QUE VALIDAN LA PERMANENCIA  COMO ESAL <\/strong><\/p>\n\n\n\n<p>A\u00d1O 2025<\/p>\n\n\n\n<ol class=\"wp-block-list\">\n<li>   <a href=\"http:\/\/cindap.org\/wp-content\/uploads\/2025\/07\/1-CERTIFICACION-CARGOS-GERENCIALES-2024.pdf\" title=\"Certificaci\u00f3n Cargos Gerenciales\">Certificaci\u00f3n Cargos Gerenciales<\/a><\/li>\n\n\n\n<li><a href=\"http:\/\/cindap.org\/wp-content\/uploads\/2025\/07\/2-TRAMITE-ESAL-.pdf\" title=\"Tr\u00e1mites ESAL\">Tr\u00e1mites ESAL<\/a><\/li>\n\n\n\n<li><a href=\"http:\/\/cindap.org\/wp-content\/uploads\/2025\/07\/3.-INFORME-ANUAL.pdf\" title=\"Informe Anual\">Informe Anual<\/a><\/li>\n\n\n\n<li><a href=\"http:\/\/cindap.org\/wp-content\/uploads\/2025\/07\/4-EEFF-Y-NOTAS-A-DIC2024.pdf\" title=\"EEEFF y Notas\">EEEFF y Notas<\/a><\/li>\n\n\n\n<li><a href=\"http:\/\/cindap.org\/wp-content\/uploads\/2025\/07\/5-CERTIFICACION-CUMPLIMIENTO-DE-REQUISITOS.pdf\" title=\"Certificaci\u00f3n Cumplimiento Requisitos\">Certificaci\u00f3n Cumplimiento Requisitos<\/a><\/li>\n\n\n\n<li><a href=\"http:\/\/cindap.org\/wp-content\/uploads\/2025\/07\/6-CERTIFICACION-ANTECEDENTES-JUDICIALES-2024-.pdf\" title=\"Certificaci\u00f3n de Antecedentes Judiciales\">Certificaci\u00f3n de Antecedentes Judiciales<\/a><\/li>\n\n\n\n<li><a href=\"http:\/\/cindap.org\/wp-content\/uploads\/2025\/07\/7-Acta-N\u00b051-Asamblea-Marzo-2025.pdf\" title=\"Acta 51 Asamblea Marzo 2025\">Acta 51 Asamblea Marzo 2025<\/a><\/li>\n\n\n\n<li><a href=\"http:\/\/cindap.org\/wp-content\/uploads\/2025\/07\/8-DECLARACION-DE-RENTA-2024_.pdf\" title=\"Declaraci\u00f3n de Renta 2024\">Declaraci\u00f3n de Renta 2024<\/a><\/li>\n\n\n\n<li><a href=\"http:\/\/cindap.org\/wp-content\/uploads\/2025\/07\/9-RUT-CINDAP-20-06-2025.pdf\" title=\"Rut Cindap 2025\">Rut Cindap 2025<\/a><\/li>\n<\/ol>\n\n\n\n<p>A\u00d1O 2024<\/p>\n\n\n\n<ol class=\"wp-block-list\">\n<li><a href=\"http:\/\/cindap.org\/wp-content\/uploads\/2024\/06\/1-CERTIFICACION-CARGOS-GERENCIALES-2023.pdf\" title=\"Certificaci\u00f3n Cargos Gerenciales\">Certificaci\u00f3n Cargos Gerenciales<\/a><\/li>\n<\/ol>\n\n\n\n<p><a href=\"http:\/\/cindap.org\/wp-content\/uploads\/2024\/06\/FORMULARIO-ACT.-ESAL-2024_52451002407625.pdf\" title=\"2. Tr\u00e1mite ESAL\">2. Tr\u00e1mite ESAL<\/a><\/p>\n\n\n\n<p><a href=\"http:\/\/cindap.org\/wp-content\/uploads\/2024\/06\/3-INFORME-2024.pdf\" title=\"3. Informe Anual\">3. Informe Anual<\/a><\/p>\n\n\n\n<p><a href=\"http:\/\/cindap.org\/wp-content\/uploads\/2024\/06\/4-EEFF-Y-NOTAS-A-DIC2023.pdf\" title=\"4. EEFF y Notas a Dic2023\">4. EEFF y Notas a Dic2023<\/a><\/p>\n\n\n\n<p><a href=\"http:\/\/cindap.org\/wp-content\/uploads\/2024\/06\/5-CERTIFICACION-CUMPLIMIENTO-DE-REQUISITOS.pdf\" title=\"5. Certificaci\u00f3n Cumplimiento de Requisitos\">5. Certificaci\u00f3n Cumplimiento de Requisitos<\/a><\/p>\n\n\n\n<p><a href=\"http:\/\/cindap.org\/wp-content\/uploads\/2024\/06\/6-ESTATUTOS-APROBADOS-AGE-DEL-10-JUN-2024.pdf\" title=\"6. Estatutos Aprobados Age 10 jun 2024\">6. Estatutos Aprobados Age 10 jun 2024<\/a><\/p>\n\n\n\n<p><a href=\"http:\/\/cindap.org\/wp-content\/uploads\/2024\/06\/7-CERTIFICACION-ANTECEDENTES-JUDICIALES-2024-.pdf\" title=\"7. Certificaci\u00f3n Antecedentes Judiciales 2024\">7. Certificaci\u00f3n Antecedentes Judiciales 2024<\/a><\/p>\n\n\n\n<p><a href=\"http:\/\/cindap.org\/wp-content\/uploads\/2024\/06\/8-ACTA-No.49-MARZO-03-2024.pdf\" title=\"8. Acta No.49-Marzo 03-2024\">8. Acta No.49-Marzo 03-2024<\/a><\/p>\n\n\n\n<p><a href=\"http:\/\/cindap.org\/wp-content\/uploads\/2024\/06\/8-ACTA-No.49-MARZO-03-2024.pdf\" title=\"Declaraci\u00f3n de Renta 2023\">Declaraci\u00f3n de Renta 2023<\/a><\/p>\n\n\n\n<p><a href=\"http:\/\/cindap.org\/wp-content\/uploads\/2024\/06\/RUT-CINDAP-28-06-2024.pdf\" title=\"RUT  28-06-2024\">RUT  28-06-2024<\/a><\/p>\n\n\n\n<p>A\u00d1O 2023<\/p>\n\n\n\n<p><a href=\"http:\/\/cindap.org\/wp-content\/uploads\/2023\/06\/1.-CERTIFICACION-CARGOS-GERENCIALES.pdf\" title=\"CERTIFICACION CARGOS GERENCIALES\">1. CERTIFICACION CARGOS GERENCIALES<\/a><\/p>\n\n\n\n<p><a href=\"http:\/\/cindap.org\/wp-content\/uploads\/2023\/06\/2.-TRAMITE-ESAL-52451002108220.pdf\" title=\"Certificaci\u00f3n cumplimiento de requisitos.\u2028\">2. TRAMITE ESAL<\/a><\/p>\n\n\n\n<p><a href=\"http:\/\/cindap.org\/wp-content\/uploads\/2023\/06\/3.-INFORME-ANUAL-DE-RESULTADOS.pdf\" title=\"Certificaci\u00f3n de salarios.\u2028\">3. INFORME ANUAL DE RESULTADOS <\/a><\/p>\n\n\n\n<p><a href=\"http:\/\/cindap.org\/wp-content\/uploads\/2023\/06\/4.-EEFF-DIC-2022-Y-NOTAS.pdf\" title=\"Certificaci\u00f3n no sanci\u00f3n.\u2028\">4. EEFF DIC 2022 Y NOTAS<\/a><\/p>\n\n\n\n<p><a href=\"http:\/\/cindap.org\/wp-content\/uploads\/2023\/06\/5.-CERTIFICACION-CUMPLIMIENTO-DE-REQUISITOS.pdf\" title=\"Estados financieros 2021\">5.CERTIFICACION CUMPLIMIENTO DE REQUISITOS<\/a><\/p>\n\n\n\n<p><a href=\"http:\/\/cindap.org\/wp-content\/uploads\/2023\/06\/6.-CERTIFICACION-ANTECEDENTES-JUDICIALES.pdf\" title=\"6. CERTIFICACION ANTECEDENTES JUDICIALES\">6. CERTIFICACION ANTECEDENTES JUDICIALES<\/a><\/p>\n\n\n\n<p><a href=\"http:\/\/cindap.org\/wp-content\/uploads\/2023\/06\/7.-ACTA-48-ASAMBLEA-26-MAR-2023-PRESENTADA-A-CCC.pdf\" title=\"7. ACTA 48 ASAMBLEA 26 MAR 2023\">7. ACTA 48 ASAMBLEA 26 MAR 2023<\/a><\/p>\n\n\n\n<p><a href=\"http:\/\/cindap.org\/wp-content\/uploads\/2023\/06\/8.-RUT-CINDAP-ACTUALIZADO-A-29-05-23.pdf\" title=\"8. RUT CINDAP\">8. RUT CINDAP<\/a><\/p>\n\n\n\n<p><a href=\"http:\/\/cindap.org\/wp-content\/uploads\/2023\/06\/9.-DECLARACION-DE-RENTA-CINDAP-2022.pdf\" title=\"9. DECLARACION RENTA 2022\">9. DECLARACION RENTA 2022<\/a><\/p>\n<\/div>\n<\/div><\/div>\n\n\n\n<div class=\"wp-block-themeisle-blocks-advanced-columns alignfull has-3-columns has-desktop-equal-layout has-tablet-equal-layout has-mobile-collapsedRows-layout has-default-gap has-vertical-unset\" id=\"wp-block-themeisle-blocks-advanced-columns-3b88e8a9\"><div class=\"wp-block-themeisle-blocks-advanced-columns-overlay\"><\/div><div class=\"innerblocks-wrap\">\n<div class=\"wp-block-themeisle-blocks-advanced-column animated fadeIn slow\" id=\"wp-block-themeisle-blocks-advanced-column-e0c0410b\">\n<div class=\"wp-block-themeisle-blocks-service\">\n<p class=\"wp-block-themeisle-blocks-font-awesome-icons\" id=\"wp-block-themeisle-blocks-font-awesome-icons-afad4c49\"><span class=\"wp-block-themeisle-blocks-font-awesome-icons-container\"><i class=\"fas fa-chart-line\"><\/i><\/span><\/p>\n\n\n\n<h3 id=\"wp-block-themeisle-blocks-advanced-heading-bd2e02d4\" class=\"wp-block-themeisle-blocks-advanced-heading wp-block-themeisle-blocks-advanced-heading-bd2e02d4\">60+<\/h3>\n\n\n\n<p id=\"wp-block-themeisle-blocks-advanced-heading-4d835c94\" class=\"wp-block-themeisle-blocks-advanced-heading wp-block-themeisle-blocks-advanced-heading-4d835c94\">PROYECTOS EJECUTADOS<\/p>\n\n\n\n<p class=\"wp-block-themeisle-blocks-font-awesome-icons\" id=\"wp-block-themeisle-blocks-font-awesome-icons-50766cf8\"><span class=\"wp-block-themeisle-blocks-font-awesome-icons-container\"><i class=\"far fa-dot-circle\"><\/i><\/span><\/p>\n<\/div>\n<\/div>\n\n\n\n<div class=\"wp-block-themeisle-blocks-advanced-column animated fadeIn slow\" id=\"wp-block-themeisle-blocks-advanced-column-2c8829e2\">\n<div class=\"wp-block-themeisle-blocks-service\">\n<p class=\"wp-block-themeisle-blocks-font-awesome-icons\" id=\"wp-block-themeisle-blocks-font-awesome-icons-5c08f5d3\"><span class=\"wp-block-themeisle-blocks-font-awesome-icons-container\"><i class=\"far fa-user\"><\/i><\/span><\/p>\n\n\n\n<h3 id=\"wp-block-themeisle-blocks-advanced-heading-d7117315\" class=\"wp-block-themeisle-blocks-advanced-heading wp-block-themeisle-blocks-advanced-heading-d7117315\">X+<\/h3>\n\n\n\n<p id=\"wp-block-themeisle-blocks-advanced-heading-07a16e2c\" class=\"wp-block-themeisle-blocks-advanced-heading wp-block-themeisle-blocks-advanced-heading-07a16e2c\">PERSONAS BENEFICIDAS<\/p>\n\n\n\n<p class=\"wp-block-themeisle-blocks-font-awesome-icons\" id=\"wp-block-themeisle-blocks-font-awesome-icons-d908e1b8\"><span class=\"wp-block-themeisle-blocks-font-awesome-icons-container\"><i class=\"far fa-dot-circle\"><\/i><\/span><\/p>\n<\/div>\n<\/div>\n\n\n\n<div class=\"wp-block-themeisle-blocks-advanced-column animated fadeIn\" id=\"wp-block-themeisle-blocks-advanced-column-a9de1f3c\">\n<div class=\"wp-block-themeisle-blocks-service\">\n<p class=\"wp-block-themeisle-blocks-font-awesome-icons\" id=\"wp-block-themeisle-blocks-font-awesome-icons-90b9a2ee\"><span class=\"wp-block-themeisle-blocks-font-awesome-icons-container\"><i class=\"fas fa-dollar-sign\"><\/i><\/span><\/p>\n\n\n\n<h3 id=\"wp-block-themeisle-blocks-advanced-heading-176bd6b4\" class=\"wp-block-themeisle-blocks-advanced-heading wp-block-themeisle-blocks-advanced-heading-176bd6b4\">X+<\/h3>\n\n\n\n<p id=\"wp-block-themeisle-blocks-advanced-heading-aa17d9a9\" class=\"wp-block-themeisle-blocks-advanced-heading wp-block-themeisle-blocks-advanced-heading-aa17d9a9\">EJECUTADOS<\/p>\n\n\n\n<p class=\"wp-block-themeisle-blocks-font-awesome-icons\" id=\"wp-block-themeisle-blocks-font-awesome-icons-fdd77536\"><span class=\"wp-block-themeisle-blocks-font-awesome-icons-container\"><i class=\"far fa-dot-circle\"><\/i><\/span><\/p>\n<\/div>\n<\/div>\n<\/div><\/div>\n\n\n\n<div class=\"wp-block-themeisle-blocks-advanced-columns alignfull has-2-columns has-desktop-equal-layout has-tablet-collapsedRows-layout has-mobile-collapsedRows-layout has-nogap-gap has-vertical-center\" id=\"wp-block-themeisle-blocks-advanced-columns-a44c0d01\"><div class=\"wp-block-themeisle-blocks-advanced-columns-overlay\"><\/div><div class=\"innerblocks-wrap\">\n<div class=\"wp-block-themeisle-blocks-advanced-column\" id=\"wp-block-themeisle-blocks-advanced-column-a630096d\">\n<div class=\"wp-block-themeisle-blocks-advanced-columns has-1-columns has-desktop-equal-layout hide-in-tablet hide-in-mobile has-default-gap has-vertical-unset\" id=\"wp-block-themeisle-blocks-advanced-columns-c2a41b3c\"><div class=\"wp-block-themeisle-blocks-advanced-columns-overlay\"><\/div><div class=\"innerblocks-wrap\">\n<div class=\"wp-block-themeisle-blocks-advanced-column\" id=\"wp-block-themeisle-blocks-advanced-column-7f013d0b\">\n<div class=\"wp-block-cover is-light\" style=\"min-height:878px;aspect-ratio:unset;\"><img loading=\"lazy\" decoding=\"async\" width=\"853\" height=\"1280\" class=\"wp-block-cover__image-background wp-image-24745\" alt=\"\" src=\"http:\/\/cindap.org\/wp-content\/uploads\/2021\/07\/sunset-mountains-forest-6369825.jpg\" data-object-fit=\"cover\" srcset=\"https:\/\/cindap.org\/wp-content\/uploads\/2021\/07\/sunset-mountains-forest-6369825.jpg 853w, https:\/\/cindap.org\/wp-content\/uploads\/2021\/07\/sunset-mountains-forest-6369825-200x300.jpg 200w, https:\/\/cindap.org\/wp-content\/uploads\/2021\/07\/sunset-mountains-forest-6369825-682x1024.jpg 682w, https:\/\/cindap.org\/wp-content\/uploads\/2021\/07\/sunset-mountains-forest-6369825-768x1152.jpg 768w, https:\/\/cindap.org\/wp-content\/uploads\/2021\/07\/sunset-mountains-forest-6369825-600x900.jpg 600w\" sizes=\"auto, (max-width: 853px) 100vw, 853px\" \/><span aria-hidden=\"true\" class=\"wp-block-cover__background has-background-dim\"><\/span><div class=\"wp-block-cover__inner-container is-layout-flow wp-block-cover-is-layout-flow\">\n<p class=\"has-text-align-center has-large-font-size\"><\/p>\n<\/div><\/div>\n<\/div>\n<\/div><\/div>\n<\/div>\n\n\n\n<div class=\"wp-block-themeisle-blocks-advanced-column about-content animated fadeInRight slow\" id=\"wp-block-themeisle-blocks-advanced-column-b038a691\">\n<div id=\"wp-block-themeisle-blocks-advanced-heading-3b764c2c\" class=\"wp-block-themeisle-blocks-advanced-heading wp-block-themeisle-blocks-advanced-heading-3b764c2c\">EOA<\/div>\n\n\n\n<h2 id=\"wp-block-themeisle-blocks-advanced-heading-75a417e8\" class=\"wp-block-themeisle-blocks-advanced-heading wp-block-themeisle-blocks-advanced-heading-75a417e8\"><strong><em>ESTRUCTURA ORGANIZATIVA Y ADMINISTRATIVA<\/em><\/strong><br><\/h2>\n\n\n\n<p id=\"wp-block-themeisle-blocks-advanced-heading-82d82b2c\" class=\"wp-block-themeisle-blocks-advanced-heading wp-block-themeisle-blocks-advanced-heading-82d82b2c\">La Asamblea General es el ente encargado de supervisar, orientar y definir las pol\u00edticas y acciones que enmarcan el qu\u00e9 hacer institucional, as\u00ed como tambi\u00e9n de evaluar tanto el desempe\u00f1o global de la Corporaci\u00f3n&nbsp; seg\u00fan el cumplimiento de sus objetivos, y su manejo administrativo, contable y fiscal.<br>As\u00ed mismo, tiene como funci\u00f3n estatutaria, la vinculaci\u00f3n o desvinculaci\u00f3n de sus asociados de acuerdo con el bagaje y el desempe\u00f1o corporativo de los mismos.<br>Igualmente, se encarga de aprobar y reajustar el plan operativo anual y la reforma estatutaria, el nombramiento de la Junta Directiva, el Gerente, el Revisor Fiscal y el Contador.<br><br>La Corporaci\u00f3n cuenta con dos \u00e1reas b\u00e1sicas de trabajo, por un lado existe la administrativa, que est\u00e1 integrada por la Asistente Administrativa, el contador&nbsp; y la secretaria.<br><br>Por otro lado, se encuentra el \u00e1rea Operativa y t\u00e9cnica de los programas y proyectos, la cual est\u00e1 soportada por su personal t\u00e9cnico, quienes integran un comit\u00e9 t\u00e9cnico compuesto por cuatro profesionales (en su totalidad son asociados de la entidad e indistintamente se encuentran vinculados laboralmente seg\u00fan la demanda de los proyectos).<br><br><\/p>\n\n\n\n<p><\/p>\n<\/div>\n<\/div><\/div>\n\n\n\n<div class=\"wp-block-themeisle-blocks-advanced-columns alignfull has-2-columns has-desktop-equal-layout has-tablet-collapsedRows-layout has-mobile-collapsedRows-layout has-nogap-gap has-vertical-center\" id=\"wp-block-themeisle-blocks-advanced-columns-7d067fe1\"><div class=\"wp-block-themeisle-blocks-advanced-columns-overlay\"><\/div><div class=\"innerblocks-wrap\">\n<div class=\"wp-block-themeisle-blocks-advanced-column\" id=\"wp-block-themeisle-blocks-advanced-column-2d8eb743\">\n<div class=\"wp-block-themeisle-blocks-advanced-columns has-1-columns has-desktop-equal-layout hide-in-tablet hide-in-mobile has-default-gap has-vertical-unset\" id=\"wp-block-themeisle-blocks-advanced-columns-9bd33d02\"><div class=\"wp-block-themeisle-blocks-advanced-columns-overlay\"><\/div><div class=\"innerblocks-wrap\">\n<div class=\"wp-block-themeisle-blocks-advanced-column\" id=\"wp-block-themeisle-blocks-advanced-column-79410ea2\">\n<figure class=\"wp-block-image size-large\"><img loading=\"lazy\" decoding=\"async\" width=\"1024\" height=\"682\" src=\"http:\/\/cindap.org\/wp-content\/uploads\/2021\/07\/agriculture-tea-plantation-cropland-1846649-1024x682.jpg\" alt=\"agriculture, tea plantation, cropland-1846649.jpg\" class=\"wp-image-24764\" srcset=\"https:\/\/cindap.org\/wp-content\/uploads\/2021\/07\/agriculture-tea-plantation-cropland-1846649-1024x682.jpg 1024w, https:\/\/cindap.org\/wp-content\/uploads\/2021\/07\/agriculture-tea-plantation-cropland-1846649-300x200.jpg 300w, https:\/\/cindap.org\/wp-content\/uploads\/2021\/07\/agriculture-tea-plantation-cropland-1846649-768x511.jpg 768w, https:\/\/cindap.org\/wp-content\/uploads\/2021\/07\/agriculture-tea-plantation-cropland-1846649-930x620.jpg 930w, https:\/\/cindap.org\/wp-content\/uploads\/2021\/07\/agriculture-tea-plantation-cropland-1846649-600x399.jpg 600w, https:\/\/cindap.org\/wp-content\/uploads\/2021\/07\/agriculture-tea-plantation-cropland-1846649.jpg 1280w\" sizes=\"auto, (max-width: 1024px) 100vw, 1024px\" \/><\/figure>\n<\/div>\n<\/div><\/div>\n<\/div>\n\n\n\n<div class=\"wp-block-themeisle-blocks-advanced-column about-content animated fadeInRight slow\" id=\"wp-block-themeisle-blocks-advanced-column-feaea331\">\n<div id=\"wp-block-themeisle-blocks-advanced-heading-91ee361d\" class=\"wp-block-themeisle-blocks-advanced-heading wp-block-themeisle-blocks-advanced-heading-91ee361d\">DT<\/div>\n\n\n\n<h2 id=\"wp-block-themeisle-blocks-advanced-heading-e21e0088\" class=\"wp-block-themeisle-blocks-advanced-heading wp-block-themeisle-blocks-advanced-heading-e21e0088\"><strong><em><strong>DOCUMENTOS TECNICOS Y OPERATIVOS<\/strong><br><\/em><\/strong><\/h2>\n\n\n\n<p id=\"wp-block-themeisle-blocks-advanced-heading-d98bb14d\" class=\"wp-block-themeisle-blocks-advanced-heading wp-block-themeisle-blocks-advanced-heading-d98bb14d\">El equipo t\u00e9cnico de CINDAP, cuenta con profesionales experimentados en diferentes \u00e1reas, cuya estructura le confiere a la entidad la capacidad para ofrecer a las instituciones y a las organizaciones campesinas, el acompa\u00f1amiento y asesor\u00eda t\u00e9cnica&nbsp; en un amplio aspecto de condiciones propias para la econom\u00eda campesina y el desarrollo empresarial.<br>Desde el a\u00f1o 2005 hasta junio de 2007, CINDAP cont\u00f3 con una Auditoria Externa realizada por la Asociaci\u00f3n de contadores P\u00fablicos del Cauca \u201cASCOPC\u201d;&nbsp; y desde julio de 2007 cuenta con una nueva Auditoria \u201cEVALUAR\u201d, quienes certifican el buen manejo de los recursos recibidos y cumplimientos de todas las actividades t\u00e9cnicas programadas en los diferentes proyectos en ejecuci\u00f3n.<br><br><br><\/p>\n\n\n\n<p><\/p>\n<\/div>\n<\/div><\/div>\n","protected":false},"excerpt":{"rendered":"","protected":false},"author":1,"featured_media":0,"parent":0,"menu_order":0,"comment_status":"closed","ping_status":"closed","template":"page-templates\/template-pagebuilder-full-width.php","meta":{"om_disable_all_campaigns":false,"_monsterinsights_skip_tracking":false,"_monsterinsights_sitenote_active":false,"_monsterinsights_sitenote_note":"","_monsterinsights_sitenote_category":0,"neve_meta_sidebar":"default","neve_meta_container":"default","neve_meta_enable_content_width":"","neve_meta_content_width":0,"neve_meta_title_alignment":"","neve_meta_author_avatar":"","neve_post_elements_order":"","neve_meta_disable_header":"","neve_meta_disable_footer":"","neve_meta_disable_title":"","_ti_tpc_template_sync":false,"_ti_tpc_template_id":"8q0u99m9z4hq6emc0s6a","footnotes":""},"class_list":["post-645","page","type-page","status-publish","hentry"],"_links":{"self":[{"href":"https:\/\/cindap.org\/index.php\/wp-json\/wp\/v2\/pages\/645","targetHints":{"allow":["GET"]}}],"collection":[{"href":"https:\/\/cindap.org\/index.php\/wp-json\/wp\/v2\/pages"}],"about":[{"href":"https:\/\/cindap.org\/index.php\/wp-json\/wp\/v2\/types\/page"}],"author":[{"embeddable":true,"href":"https:\/\/cindap.org\/index.php\/wp-json\/wp\/v2\/users\/1"}],"replies":[{"embeddable":true,"href":"https:\/\/cindap.org\/index.php\/wp-json\/wp\/v2\/comments?post=645"}],"version-history":[{"count":100,"href":"https:\/\/cindap.org\/index.php\/wp-json\/wp\/v2\/pages\/645\/revisions"}],"predecessor-version":[{"id":25238,"href":"https:\/\/cindap.org\/index.php\/wp-json\/wp\/v2\/pages\/645\/revisions\/25238"}],"wp:attachment":[{"href":"https:\/\/cindap.org\/index.php\/wp-json\/wp\/v2\/media?parent=645"}],"curies":[{"name":"wp","href":"https:\/\/api.w.org\/{rel}","templated":true}]}}