{"id":24915,"date":"2021-08-02T01:09:00","date_gmt":"2021-08-02T06:09:00","guid":{"rendered":"https:\/\/cindap.org\/?page_id=24915"},"modified":"2021-08-17T23:37:12","modified_gmt":"2021-08-18T04:37:12","slug":"proyectos-2","status":"publish","type":"page","link":"https:\/\/cindap.org\/index.php\/proyectos-2\/","title":{"rendered":"PROYECTOS"},"content":{"rendered":"\n<div class=\"wp-block-group alignwide\"><div class=\"wp-block-group__inner-container is-layout-flow wp-block-group-is-layout-flow\">\n<div class=\"wp-block-media-text alignwide is-stacked-on-mobile\"><figure class=\"wp-block-media-text__media\"><img loading=\"lazy\" decoding=\"async\" width=\"1024\" height=\"768\" src=\"https:\/\/cindap.org\/wp-content\/uploads\/2021\/08\/ACOMPANAMIENTO-ENTREGAS-INSUMOS-1024x768.jpg\" alt=\"\" class=\"wp-image-24936 size-full\" srcset=\"https:\/\/cindap.org\/wp-content\/uploads\/2021\/08\/ACOMPANAMIENTO-ENTREGAS-INSUMOS-1024x768.jpg 1024w, https:\/\/cindap.org\/wp-content\/uploads\/2021\/08\/ACOMPANAMIENTO-ENTREGAS-INSUMOS-300x225.jpg 300w, https:\/\/cindap.org\/wp-content\/uploads\/2021\/08\/ACOMPANAMIENTO-ENTREGAS-INSUMOS-768x576.jpg 768w, https:\/\/cindap.org\/wp-content\/uploads\/2021\/08\/ACOMPANAMIENTO-ENTREGAS-INSUMOS-600x450.jpg 600w, https:\/\/cindap.org\/wp-content\/uploads\/2021\/08\/ACOMPANAMIENTO-ENTREGAS-INSUMOS.jpg 1280w\" sizes=\"auto, (max-width: 1024px) 100vw, 1024px\" \/><\/figure><div class=\"wp-block-media-text__content\">\n<h2 class=\"wp-block-heading\">MEMORANDO DE ACUERDO No 142 DE 2019 UNODC-CORPORACION CINDAP<\/h2>\n\n\n\n<p><strong>UNODC-CORPORACION CINDAP<\/strong><\/p>\n\n\n\n<p>Servicios de extensi\u00f3n rural agropecuaria a 37  familias involucradas por medio del fortalecimiento de las capacidades productivas, organizativas y sociales de las familias y organizaciones que han suscrito acuerdos colectivos e individuales para la sustituci\u00f3n de cultivos de uso il\u00edcito, mediante implementaci\u00f3n de procesos de transferencia y rescate de tecnolog\u00edas apropiadas e intercambio de conocimientos para contribuir al mejoramiento de la calidad de vida. Se busca promover proyectos de autoabastecimiento , y\/o seguridad alimentaria, y\/o proyectos productivos de corto y ciclo largo.<\/p>\n\n\n\n<p>Municipio de El Tambo-Cauca<\/p>\n\n\n\n<p><\/p>\n<\/div><\/div>\n<\/div><\/div>\n\n\n\n<div style=\"height:100px\" aria-hidden=\"true\" class=\"wp-block-spacer\"><\/div>\n\n\n\n<div class=\"wp-block-group\"><div class=\"wp-block-group__inner-container is-layout-flow wp-block-group-is-layout-flow\"><\/div><\/div>\n\n\n\n<div class=\"wp-block-media-text alignwide is-stacked-on-mobile\"><figure class=\"wp-block-media-text__media\"><video controls src=\"http:\/\/cindap.org\/wp-content\/uploads\/2021\/08\/VIDEO-NORTE-DEL-CAUCA.mp4\"><\/video><\/figure><div class=\"wp-block-media-text__content\">\n<h2 class=\"wp-block-heading\">CONVENIO DE COOPERACION TRIENAL PIT&nbsp; 2018-2020 FUNDACION AYUDA EN ACCION &#8211; CORPORACION CINDAP<\/h2>\n\n\n\n<p>Establecer una relaci\u00f3n que les permita trabajar de manera conjunta en el impulso y promoci\u00f3n de un proceso de desarrollo local, que tiene como finalidad contribuir al mejoramiento de las condiciones de vida de los ni\u00f1os, las ni\u00f1as, sus familias y las comunidades, as\u00ed como propiciar cambios estructurales que contribuyan a la erradicaci\u00f3n de la pobreza en el \u00c1rea de Desarrollo denominada Cauca Norte.<\/p>\n\n\n\n<p>Municipios de Guachene y Caloto en el Norte del Cauca<\/p>\n<\/div><\/div>\n\n\n\n<div style=\"height:100px\" aria-hidden=\"true\" class=\"wp-block-spacer\"><\/div>\n\n\n\n<div class=\"wp-block-media-text alignwide is-stacked-on-mobile\"><figure class=\"wp-block-media-text__media\"><img loading=\"lazy\" decoding=\"async\" width=\"1024\" height=\"768\" src=\"https:\/\/cindap.org\/wp-content\/uploads\/2021\/08\/PARTICIPACION-EN-FERIA-INZA-CAUCA-4-1024x768.jpg\" alt=\"\" class=\"wp-image-24931 size-full\" srcset=\"https:\/\/cindap.org\/wp-content\/uploads\/2021\/08\/PARTICIPACION-EN-FERIA-INZA-CAUCA-4-1024x768.jpg 1024w, https:\/\/cindap.org\/wp-content\/uploads\/2021\/08\/PARTICIPACION-EN-FERIA-INZA-CAUCA-4-300x225.jpg 300w, https:\/\/cindap.org\/wp-content\/uploads\/2021\/08\/PARTICIPACION-EN-FERIA-INZA-CAUCA-4-768x576.jpg 768w, https:\/\/cindap.org\/wp-content\/uploads\/2021\/08\/PARTICIPACION-EN-FERIA-INZA-CAUCA-4-1536x1152.jpg 1536w, https:\/\/cindap.org\/wp-content\/uploads\/2021\/08\/PARTICIPACION-EN-FERIA-INZA-CAUCA-4-2048x1536.jpg 2048w, https:\/\/cindap.org\/wp-content\/uploads\/2021\/08\/PARTICIPACION-EN-FERIA-INZA-CAUCA-4-600x450.jpg 600w\" sizes=\"auto, (max-width: 1024px) 100vw, 1024px\" \/><\/figure><div class=\"wp-block-media-text__content\">\n<h2 class=\"wp-block-heading\">CONTRATO DE PRESTACION DE SERVICIOS PROFESIONALES No 081 CINDAP-CORPORACION NASA KIWE<\/h2>\n\n\n\n<p>Asesorar y capacitar a las asociaciones de productores de frutas, panela y ganado de ceba, en aspectos administrativos, financieros, organizativos, productivos y comerciales tendientes al desarrollo empresarial de sus unidades productivas y su proceso asociativo.<\/p>\n\n\n\n<p>Municipios de Inz\u00e0 y P\u00e0ez en el&nbsp; Cauca;&nbsp; Paicol y la Plata en el departamento del Huila<\/p>\n<\/div><\/div>\n\n\n\n<div style=\"height:100px\" aria-hidden=\"true\" class=\"wp-block-spacer\"><\/div>\n\n\n\n<div class=\"wp-block-group alignwide\"><div class=\"wp-block-group__inner-container is-layout-flow wp-block-group-is-layout-flow\">\n<div class=\"wp-block-media-text alignwide is-stacked-on-mobile\"><figure class=\"wp-block-media-text__media\"><img loading=\"lazy\" decoding=\"async\" width=\"768\" height=\"1024\" src=\"https:\/\/cindap.org\/wp-content\/uploads\/2021\/08\/La-Sierra-Qda-azul.-Veeduria-operador-e-interventoria-768x1024.jpg\" alt=\"\" class=\"wp-image-24933 size-full\" srcset=\"https:\/\/cindap.org\/wp-content\/uploads\/2021\/08\/La-Sierra-Qda-azul.-Veeduria-operador-e-interventoria-768x1024.jpg 768w, https:\/\/cindap.org\/wp-content\/uploads\/2021\/08\/La-Sierra-Qda-azul.-Veeduria-operador-e-interventoria-225x300.jpg 225w, https:\/\/cindap.org\/wp-content\/uploads\/2021\/08\/La-Sierra-Qda-azul.-Veeduria-operador-e-interventoria-600x800.jpg 600w, https:\/\/cindap.org\/wp-content\/uploads\/2021\/08\/La-Sierra-Qda-azul.-Veeduria-operador-e-interventoria.jpg 960w\" sizes=\"auto, (max-width: 768px) 100vw, 768px\" \/><\/figure><div class=\"wp-block-media-text__content\">\n<h2 class=\"wp-block-heading\">CONSORCIO C y C &#8211; CORPORACION CINDAP-CAMPO Y ASOCIADOS GRUPO EMPRESARIAL<\/h2>\n\n\n\n<p>CONTRATO No 586:<\/p>\n\n\n\n<p>Realizar la interventor\u00eda t\u00e9cnica, administrativa, financiera, jur\u00eddica y contable a la ejecuci\u00f3n del contrato cuyo objeto es \u201cPrestaci\u00f3n de servicios de fortalecimiento del sector agroindustrial mediante asistencia t\u00e9cnica para el mejoramiento de la producci\u00f3n cuy\u00eccola en el departamento del Cauca.\u201d<\/p>\n\n\n\n<p>ACTIVIDADES (entre otras)<\/p>\n\n\n\n<p>\u00b7&nbsp;&nbsp;&nbsp;&nbsp;&nbsp;&nbsp;&nbsp;&nbsp; Evaluar, verificar, inspeccionar las labores ejecutadas por el contratista intervenido, verificando que se cumplan las normas t\u00e9cnicas correspondientes.<\/p>\n\n\n\n<p>\u00b7&nbsp;&nbsp;&nbsp;&nbsp;&nbsp;&nbsp;&nbsp;&nbsp; Dos Realizar la revisi\u00f3n t\u00e9cnica final para la entrega de los productos (talleres de capacitaci\u00f3n , galpones construidos, pies de cr\u00eca establecidos, pastos cultivados, etc)<\/p>\n\n\n\n<p>Municipios : El Tambo, La Sierra, La Vega, San Sebasti\u00e1n, Santa Rosa, Argelia, Balboa, Mercaderes, Florencia, Timb\u00eco<\/p>\n<\/div><\/div>\n<\/div><\/div>\n\n\n\n<div style=\"height:100px\" aria-hidden=\"true\" class=\"wp-block-spacer\"><\/div>\n\n\n\n<div class=\"wp-block-media-text alignwide is-stacked-on-mobile\"><figure class=\"wp-block-media-text__media\"><img loading=\"lazy\" decoding=\"async\" width=\"1024\" height=\"683\" src=\"https:\/\/cindap.org\/wp-content\/uploads\/2021\/08\/DEMOSTRACI0N-DE-ABONOS-ORGANICOS-1-1024x683.jpg\" alt=\"\" class=\"wp-image-24935 size-full\" srcset=\"https:\/\/cindap.org\/wp-content\/uploads\/2021\/08\/DEMOSTRACI0N-DE-ABONOS-ORGANICOS-1-1024x683.jpg 1024w, https:\/\/cindap.org\/wp-content\/uploads\/2021\/08\/DEMOSTRACI0N-DE-ABONOS-ORGANICOS-1-300x200.jpg 300w, https:\/\/cindap.org\/wp-content\/uploads\/2021\/08\/DEMOSTRACI0N-DE-ABONOS-ORGANICOS-1-768x512.jpg 768w, https:\/\/cindap.org\/wp-content\/uploads\/2021\/08\/DEMOSTRACI0N-DE-ABONOS-ORGANICOS-1-1536x1024.jpg 1536w, https:\/\/cindap.org\/wp-content\/uploads\/2021\/08\/DEMOSTRACI0N-DE-ABONOS-ORGANICOS-1-2048x1365.jpg 2048w, https:\/\/cindap.org\/wp-content\/uploads\/2021\/08\/DEMOSTRACI0N-DE-ABONOS-ORGANICOS-1-930x620.jpg 930w, https:\/\/cindap.org\/wp-content\/uploads\/2021\/08\/DEMOSTRACI0N-DE-ABONOS-ORGANICOS-1-600x400.jpg 600w\" sizes=\"auto, (max-width: 1024px) 100vw, 1024px\" \/><\/figure><div class=\"wp-block-media-text__content\">\n<h2 class=\"wp-block-heading\"><strong>PRESTACION DEL SERVICIO DE ASISTENCIA TECNICA ESPECIAL-ATE<\/strong><\/h2>\n\n\n\n<p>Dirigido a apoyar procesos productivos competitivos de peque\u00f1os productores agr\u00edcolas, acu\u00edcolas, pecuarios y forestales, que se encuentran en condiciones de vulnerabilidad en zonas de bajo nivel de desarrollo rural, bajo nivel organizativo, d\u00e9bil capacidad para gestionar apoyos del estado y para formular e implementar proyectos productivos.<\/p>\n\n\n\n<p>Etapas de:<\/p>\n\n\n\n<ul class=\"wp-block-list\"><li>Diagn\u00f3stico y Planeaci\u00f3n<\/li><li>Estructuraci\u00f3n y Gesti\u00f3n de Proyectos Productivos<\/li><li>Apoyo en la implementaci\u00f3n de Proyectos Productivos<\/li><li>Articulaci\u00f3n con otros actores locales y regionales<\/li><\/ul>\n\n\n\n<p>Municipios de Pradera y Florida en el Valle del Cauca y Caldono, Buenos Aires, Torib\u00eco, Santander de Quilichao, Caloto, Corinto, Miranda en el departamento del Cauca.<\/p>\n<\/div><\/div>\n","protected":false},"excerpt":{"rendered":"<p>MEMORANDO DE ACUERDO No 142 DE 2019 UNODC-CORPORACION CINDAP UNODC-CORPORACION CINDAP Servicios de extensi\u00f3n rural agropecuaria a 37 familias involucradas por medio del fortalecimiento de las capacidades productivas, organizativas y sociales de las familias y organizaciones que han suscrito acuerdos colectivos e individuales para la sustituci\u00f3n de cultivos de uso il\u00edcito, mediante implementaci\u00f3n de procesos&hellip;&nbsp;<a href=\"https:\/\/cindap.org\/index.php\/proyectos-2\/\" class=\"\" rel=\"bookmark\">Leer m\u00e1s &raquo;<span class=\"screen-reader-text\">PROYECTOS<\/span><\/a><\/p>\n","protected":false},"author":1,"featured_media":0,"parent":0,"menu_order":0,"comment_status":"closed","ping_status":"closed","template":"","meta":{"om_disable_all_campaigns":false,"_monsterinsights_skip_tracking":false,"_monsterinsights_sitenote_active":false,"_monsterinsights_sitenote_note":"","_monsterinsights_sitenote_category":0,"neve_meta_sidebar":"full-width","neve_meta_container":"","neve_meta_enable_content_width":"on","neve_meta_content_width":100,"neve_meta_title_alignment":"","neve_meta_author_avatar":"","neve_post_elements_order":"","neve_meta_disable_header":"","neve_meta_disable_footer":"","neve_meta_disable_title":"","_ti_tpc_template_sync":false,"_ti_tpc_template_id":"","footnotes":""},"class_list":["post-24915","page","type-page","status-publish","hentry"],"_links":{"self":[{"href":"https:\/\/cindap.org\/index.php\/wp-json\/wp\/v2\/pages\/24915","targetHints":{"allow":["GET"]}}],"collection":[{"href":"https:\/\/cindap.org\/index.php\/wp-json\/wp\/v2\/pages"}],"about":[{"href":"https:\/\/cindap.org\/index.php\/wp-json\/wp\/v2\/types\/page"}],"author":[{"embeddable":true,"href":"https:\/\/cindap.org\/index.php\/wp-json\/wp\/v2\/users\/1"}],"replies":[{"embeddable":true,"href":"https:\/\/cindap.org\/index.php\/wp-json\/wp\/v2\/comments?post=24915"}],"version-history":[{"count":13,"href":"https:\/\/cindap.org\/index.php\/wp-json\/wp\/v2\/pages\/24915\/revisions"}],"predecessor-version":[{"id":24990,"href":"https:\/\/cindap.org\/index.php\/wp-json\/wp\/v2\/pages\/24915\/revisions\/24990"}],"wp:attachment":[{"href":"https:\/\/cindap.org\/index.php\/wp-json\/wp\/v2\/media?parent=24915"}],"curies":[{"name":"wp","href":"https:\/\/api.w.org\/{rel}","templated":true}]}}