{"id":24728,"date":"2021-07-15T22:09:56","date_gmt":"2021-07-16T03:09:56","guid":{"rendered":"https:\/\/cindap.org\/?page_id=24728"},"modified":"2021-07-15T22:09:56","modified_gmt":"2021-07-16T03:09:56","slug":"servicios","status":"publish","type":"page","link":"https:\/\/cindap.org\/index.php\/servicios\/","title":{"rendered":"Oferta de servicios institucionales"},"content":{"rendered":"\n\n\t<ul>\n<li>Desarrollo productivo para el sector agropecuarios.<\/li>\n<li>Agroforester\u00eda y medio ambiente.<\/li>\n<li>Desarrollo estructural para comunidades. Comprende la asessor\u00eda t\u00e9cnica, administrativa y financiera al sector, dentro del marco de las cadenas productivas.<\/li>\n<li>Investigaci\u00f3n y desarrollo de mercados para el sector agropecuario.<\/li>\n<li>Capacitaci\u00f3n t\u00e9cnica para el sector agropecuario en diferentes \u00e1reas(producci\u00f3n, agroindustria, comercializaci\u00f3n, montaje, agroindustrial, entre otros)<\/li>\n<li>Asesor\u00eda y acompa\u00f1amiento socio empresarial a organizaciones campesinas.<\/li>\n<li>Finalmente, se transversaliza lo anterior con gobernabilidad local, democracia participativa y derechos humanos.<\/li>\n<\/ul>\n\n","protected":false},"excerpt":{"rendered":"<p>Desarrollo productivo para el sector agropecuarios. Agroforester\u00eda y medio ambiente. Desarrollo estructural para comunidades. Comprende la asessor\u00eda t\u00e9cnica, administrativa y financiera al sector, dentro del marco de las cadenas productivas. Investigaci\u00f3n y desarrollo de mercados para el sector agropecuario. Capacitaci\u00f3n t\u00e9cnica para el sector agropecuario en diferentes \u00e1reas(producci\u00f3n, agroindustria, comercializaci\u00f3n, montaje, agroindustrial, entre otros) Asesor\u00eda&hellip;&nbsp;<a href=\"https:\/\/cindap.org\/index.php\/servicios\/\" class=\"\" rel=\"bookmark\">Leer m\u00e1s &raquo;<span class=\"screen-reader-text\">Oferta de servicios institucionales<\/span><\/a><\/p>\n","protected":false},"author":1,"featured_media":0,"parent":0,"menu_order":0,"comment_status":"closed","ping_status":"closed","template":"","meta":{"om_disable_all_campaigns":false,"_monsterinsights_skip_tracking":false,"_monsterinsights_sitenote_active":false,"_monsterinsights_sitenote_note":"","_monsterinsights_sitenote_category":0,"neve_meta_sidebar":"full-width","neve_meta_container":"","neve_meta_enable_content_width":"on","neve_meta_content_width":100,"neve_meta_title_alignment":"","neve_meta_author_avatar":"","neve_post_elements_order":"","neve_meta_disable_header":"","neve_meta_disable_footer":"","neve_meta_disable_title":"","_ti_tpc_template_sync":false,"_ti_tpc_template_id":"","footnotes":""},"class_list":["post-24728","page","type-page","status-publish","hentry"],"_links":{"self":[{"href":"https:\/\/cindap.org\/index.php\/wp-json\/wp\/v2\/pages\/24728","targetHints":{"allow":["GET"]}}],"collection":[{"href":"https:\/\/cindap.org\/index.php\/wp-json\/wp\/v2\/pages"}],"about":[{"href":"https:\/\/cindap.org\/index.php\/wp-json\/wp\/v2\/types\/page"}],"author":[{"embeddable":true,"href":"https:\/\/cindap.org\/index.php\/wp-json\/wp\/v2\/users\/1"}],"replies":[{"embeddable":true,"href":"https:\/\/cindap.org\/index.php\/wp-json\/wp\/v2\/comments?post=24728"}],"version-history":[{"count":2,"href":"https:\/\/cindap.org\/index.php\/wp-json\/wp\/v2\/pages\/24728\/revisions"}],"predecessor-version":[{"id":24730,"href":"https:\/\/cindap.org\/index.php\/wp-json\/wp\/v2\/pages\/24728\/revisions\/24730"}],"wp:attachment":[{"href":"https:\/\/cindap.org\/index.php\/wp-json\/wp\/v2\/media?parent=24728"}],"curies":[{"name":"wp","href":"https:\/\/api.w.org\/{rel}","templated":true}]}}