{"id":24698,"date":"2021-07-08T02:14:38","date_gmt":"2021-07-08T07:14:38","guid":{"rendered":"https:\/\/cindap.org\/?page_id=24698"},"modified":"2021-07-19T22:46:17","modified_gmt":"2021-07-20T03:46:17","slug":"produccion-intelectual","status":"publish","type":"page","link":"https:\/\/cindap.org\/index.php\/produccion-intelectual\/","title":{"rendered":"Producci\u00f3n intelectual"},"content":{"rendered":"\n\n\t<div style=\"display:block\">\n<!-- FlowPaper PDF flipbook plugin v.1.9.6 wordpress.org\/plugins\/flowpaper\/ -->\n<iframe title=\"FlowPaper website pdf viewer\" width=\"100%\" height=\"500\" scrolling=\"no\" class=\"flowpaper-class\" frameborder=\"0\" allowFullScreen=\"true\" src = \"https:\/\/flowpaper.com\/flipbook\/?pdf=http:\/\/cindap.org\/wp-content\/uploads\/2021\/07\/cartilla-salud_rotated.pdf?wp-hosted=1&title=&header=&theme=&singlepage=auto&thumbs=1&modified=2107191046\" seamless=\"seamless\" style=\"margin-bottom:0;display:block;\">Your browser does not seem to support iframes. <a href=\"https:\/\/flowpaper.com\/flipbook\/?pdf=http:\/\/cindap.org\/wp-content\/uploads\/2021\/07\/cartilla-salud_rotated.pdf?wp-hosted=1\" target=\"_blank\">Click here to read this PDF<\/a>.<\/iframe>\n<div id=\"flowpaper-logo-bottom\" class=\"flowpaper-logo-bg\" style=\"background:linear-gradient(to right, rgba(0,0,0,0.65) 0%,rgba(0,0,0,0) 200px);width:100%;height:19px; padding-bottom: 1px; padding-left: 5px; padding-right: 10px; display: flex; align-items: center;z-index:9999\"><span style=\"height: 37px; padding-left: 6px;\"> <a id=\"flowpaper-link\" style=\"fill: #fff\" alt=\"FlowPaper logo\" title=\"FlowPaper logo\" href=\"https:\/\/flowpaper.com\" target=\"_blank\"> <img decoding=\"async\" alt=\"Publish PDF flipbooks online\" style=\"height:17px;width:auto;margin-top:11px;\" src=\"https:\/\/cindap.org\/wp-content\/plugins\/flowpaper-lite-pdf-flipbook\/assets\/flowpaper-logo.png\" border=\"0\"> <\/a> <\/span><\/div><\/div>\n\t<ul>\n<li>CINDAP. 1994. ELABORACI\u00d3N DEL PLAN PROGRAM\u00c1TICO PARA LA CONFORMACI\u00d3N DEL CLUB JUVENIL COOPERATIVO DEL CAUCA SUBGRUPO PININOS I. Informe T\u00e9cnico presentado a la Cooperativa M\u00e9dica del Valle y de Profesionales de Colombia. 16p.<\/li>\n<li>CINDAP. 1996. PLAN OPERATIVO DEL PROGRAMA DE ASISTENCIA T\u00c9CNICA PARA PEQUE\u00d1OS AGRICULTORES EN SEIS MUNICIPIOS DEL NORTE DEL CAUCA. Informe presentado a: Fondo de Solidaridad Social de la Presidencia de la Rep\u00fablica, FONADE y\u00a0 Proyecto\u00a0 Ser\u00edcola del Norte del Cauca. ALA 91\/31. Popay\u00e1n. 106 p.<\/li>\n<li>CINDAP, FUNDACION CHRISTIAN CHILDREN FUND, FMW. ,\u00a0 1995. , PERFILES DE PROYECTOS PARA LA ACCI\u00d3N INTERINSTITUCIONAL DE ACOMPA\u00d1AMIENTO A LAS COMUNIDADES DE LOS RESGUARDOS DE T\u00c1LAGA, VITONC\u00d3 Y WILA, REASENTADAS EN LOS MUNICIPIOS DE BEL\u00c9N, RIONEGRO, IQUIRA (HUILA), PURAC\u00c9, SANTA LETICIA Y RIOCHIQUITO (CAUCA). Informe presentado a la Corporaci\u00f3n NASA KIWE. 28p.<\/li>\n<li>CINDAP, FONDO DRI, GOBERNACION DEL GUAVIARE. 1997. DIAGN\u00d3STICO, CARACTERIZACI\u00d3N Y PLAN DE MANEJO DE LAS MICROCUENCAS DE LOS CA\u00d1OS LA LINDOSA, LA PIZARRA, PLATANALES, EL UNILLA, EL CAPRICHO Y LAGUNA NEGRA EN EL DEPARTAMENTO DEL GUAVIARE. 1250 p.<\/li>\n<li>PLAN DE DESARROLLO DEL MUNICIPIO DE FUENTEDEORO META, Planes de Desarrollo Piloto para el Fondo DRI. 1998.<\/li>\n<\/ul>\n<p>&nbsp;<\/p>\n\n<ul>\n<li> CINDAP. , 1994. , EVALUACI\u00d3N DE LA GESTI\u00d3N SOCIAL, ADMINISTRATIVA Y ECON\u00d3MICA DE LA ASOCIACI\u00d3N DE PRODUCTORES DE ALIMENTOS DE SUCRE. ASPROSUCRE. INFORME FINAL. Popay\u00e1n, Cauca. 35p.<\/li>\n<\/ul>\n<p>&nbsp;<\/p>\n\n<ul>\n<li>CINDAP. , 1994. , INVESTIGACI\u00d3N DE LAS CONDICIONES SOCIOECON\u00d3MICAS DE LAS COMUNIDADES MESTIZAS DAMNIFICADAS DEL R\u00cdO P\u00c1EZ Y REGIONES ALEDA\u00d1AS ASENTADAS EN POPAY\u00c1N. Informe final presentado a la Corporaci\u00f3n NASA KIWE. Popay\u00e1n. 69p.<\/li>\n<li>CINDAP. ,\u00a0 1995. , FOMENTO LECHERO EN EL CABILDO IND\u00cdGENA DE PURAC\u00c9. Informe final para la Fundaci\u00f3n Mosquera Wallis. Popay\u00e1n, Cauca. 9p.<\/li>\n<li>CINDAP. 1995., INVESTIGACI\u00d3N DE MERCADOS PARA LA COMERCIALIZACI\u00d3N DE HARINA DE CHONTADURO EN EL MEDIO CAQUET\u00c1. Informe final para la Fundaci\u00f3n MANOA. Santaf\u00e9 de Bogot\u00e1. 79 p.<\/li>\n<li>CINDAP. 1995., APROXIMACI\u00d3N A LAS CONDICIONES SOCIOECON\u00d3MICAS DE LA POBLACI\u00d3N CAMPESINA DE LA INSPECCI\u00d3N DE POLIC\u00cdA DE RIONEGRO. MUNICIPIO DE IQUIRA. DEPARTAMENTO DEL HUILA. Informe final para la Corporaci\u00f3n\u00a0 NASA KIWE 89 p.<\/li>\n<li>CINDAP. , 1995. , AN\u00c1LISIS DEL COMPORTAMIENTO Y LA PRODUCCI\u00d3N BAJO SISTEMAS AGROFORESTALES DEL CHONTADURO (Bactris gassipaes H. B. K.). EN LAS COMUNIDADES IND\u00cdGENAS DEL MEDIO CAQUET\u00c1. AMAZONIA COLOMBIANA. Santaf\u00e9 de Bogot\u00e1. 42p.<\/li>\n<li>CINDAP, FUNDACION CHRISTIAN CHILDREN FUND, FMW. ,\u00a0 1995. , ACCI\u00d3N INTERINSTITUCIONAL\u00a0 DE ACOMPA\u00d1AMIENTO A LAS COMUNIDADES DE LOS RESGUARDOS DE T\u00c1LAGA, VITONC\u00d3 Y WILA, REASENTADAS EN LOS MUNICIPIOS DE BEL\u00c9N, RIONEGRO, IQUIRA (HUILA), PURAC\u00c9, SANTA LETICIA Y RIOCHIQUITO (CAUCA). Informe presentado a la Corporaci\u00f3n NASA KIWE. Popay\u00e1n, Cauca. 27p.<\/li>\n<li>CINDAP, 1995. , PERFIL PARA LA ADMINISTRACI\u00d3N DELEGADA Y MERCADEO DE DOBLE V\u00cdA. INFORME FINAL PRESENTADO A LA ASOCIACI\u00d3N DE PROYECTOS COMUNITARIOS DEL CAUCA. Popay\u00e1n. 61p<\/li>\n<li>CINDAP, 1996. , IDENTIFICACI\u00d3N DE LOS SISTEMAS DE PRODUCCI\u00d3N PROPIOS DE AGRICULTORES EN ZONAS DE ECONOM\u00cdA CAMPESINA EN SEIS MUNICIPIOS DEL NORTE DEL CAUCA. Informe final presentado a: Fondo de Solidaridad Social de la Presidencia de la Rep\u00fablica, FONADE y Proyecto Ser\u00edcola del Norte del Cauca. ALA 91\/31. Popay\u00e1n. 79 p<\/li>\n<\/ul>\n<p>&nbsp;<\/p>\n\n<ul>\n<li>CINDAP &#8211; RESCATE &#8211; GENERALITAT VALENCIANA &#8211; MUNICIPIO DE SUCRE. MEDIO AMBIENTE Y SANEAMIENTO B\u00c1SICO; PREVENCI\u00d3N Y PROMOCI\u00d3N DE LA SALUD E INSTALACIONES, FUNCIONAMIENTO Y MANTENIMIENTO DE TANQUES S\u00c9PTICOS. MUNICIPIO DE SUCRE CAUCA 2007. Impregraf 30 p.<\/li>\n<li>CINDAP &#8211; AYUNTAMIENTO DE MADRID &#8211; ONG RESCATE (ESPA\u00d1A). EL CULTIVO DE LA UCHUVA, CARTILLA EXPLICATIVA PARA COMUNIDADES RURALES. MUNICIPIO DE SOTAR\u00c1-CAUCA. IMPREFRAF. 23 p.<\/li>\n<li>CINDAP- COMSALUD &#8211; FUNCOP &#8211; FMW &#8211; FUNDEBAP, MINSALUD, 1995. , LAS EMPRESAS SOLIDARIAS Y LA SALUD, M\u00f3dulos No. 1, 2, CARTILLA EXPLICATIVA PARA COMUNIDADES RURALES. PROGRAMA ESS DEL CAUCA. ULTRAGRAF Editores Lida. , Cali, Colombia. 32 p.<\/li>\n<li>CINDAP- COMSALUD &#8211; FUNCOP &#8211; FMW &#8211; FUNDEBAP, MINSALUD, 1995. , YO, MI FAMILIA Y NUESTRO MEDIO AMBIENTE, COMO ESTAMOS DE SALUD. , M\u00d3DULOS 3,4, 5, CARTILLA EXPLICATIVA PARA COMUNIDADES RURALES. PROGRAMA ESS DEL CAUCA. ULTRAGRAF Editores Lida. , Cali, Colombia, 44<\/li>\n<li>CINDAP- COMSALUD &#8211; FUNCOP &#8211; FMW &#8211; FUNDEBAP, MINSALUD, 1995. , SALUD, COMUNIDAD Y CONVIVENCIA PARA EL DESARROLLO. , M\u00d3DULOS NO. 6, 7, 8, CARTILLA EXPLICATIVA PARA COMUNIDADES RURALES. PROGRAMA ESS DEL CAUCA. ULTRAGRAF Editores Ltda., Cali, Colombia, 40 p.<\/li>\n<li>CINDAP- COMSALUD &#8211; FUNCOP &#8211; FMW &#8211; FUNDEBAP, MINSALUD, 1995. , AS\u00cd HACEMOS NUESTRA E.S.S. PROMOCI\u00d3N Y CONSTITUCI\u00d3N.\u00a0 M\u00d3DULO NO. 9, CARTILLA EXPLICATIVA PARA COMUNIDADES RURALES. PROGRAMA ESS DEL CAUCA. ULTRAGRAF EDITORES LTDA., CALI, COLOMBIA, 24 P.<\/li>\n<li>CINDAP- COMSALUD &#8211; FUNCOP &#8211; FMW &#8211; FUNDEBAP, MINSALUD, 1995. , AS\u00cd FUNCIONA\u00a0 NUESTRA E.S.S. OPERACI\u00d3N, CONTROL Y ALCANCES. ,\u00a0 M\u00d3DULO NO. 10, CARTILLA EXPLICATIVA PARA COMUNIDADES RURALES. PROGRAMA ESS DEL CAUCA. ULTRAGRAF EDITORES LTDA., CALI, COLOMBIA, 24 P.<\/li>\n<li>CINDAP-FOMIPYME SEJE, CARTILLA EXPLICATIVA PARA COMUNIDADES RURALES &#8220;PLAN DE MANEJO SOSTENIBLE&#8221;, POPAY\u00c1N-COLOMBIA, 22 P.<\/li>\n<li>CINDAP-FOMIPYME SEJE, CARTILLA EXPLICATIVA PARA COMUNIDADES RURALES &#8220;EXTRACCI\u00d3N AGROINDUSTRIAL DE LA PALMA DE SEJE&#8221;, POPAY\u00c1N-COLOMBIA, 20 P.<\/li>\n<li>CINDAP-FOMIPYME SEJE, CARTILLA EXPLICATIVA PARA COMUNIDADES RURALES &#8220;RESULTADOS INVESTIGACI\u00d3N DEL PROYECTO&#8221;, POPAY\u00c1N-COLOMBIA, 16 P.<\/li>\n<li>CINDAP-FOMIPYME SEJE, CARTILLA EXPLICATIVA PARA COMUNIDADES RURALES &#8220;MERCADEO DE LA PALMA DE MILPESOS&#8221;, POPAY\u00c1N-COLOMBIA, 15 P.<\/li>\n<li>CINDAP-COLCIENCIAS CARTILLA EXPLICATIVA PARA COMUNIDADES RURALES. AGENDA PROSPECTIVA DE CIENCIA Y TECNOLOG\u00cdA PARA LOS DEPARTAMENTOS DE VAUP\u00c9S, GUAIN\u00cdA Y GUAVIARE.<\/li>\n<li>CINDAP-PRONATTA. CARTILLA EXPLICATIVA PARA COMUNIDADES RURALES &#8220;APRENDER HACIENDO&#8221;, POPAY\u00c1N<\/li>\n<li>CINDAP-AYUNTAMIENTO DE MADRID CARTILLAS EXPLICATIVAS COMUNIDADES RURALES EN: PISCICULTURA, CULTIVO DE YUCA, CULTIVO DE FR\u00cdJOL, CULTIVO DE MA\u00cdZ Y AVICULTURA. POPAY\u00c1N.<\/li>\n<li>CINDAP-SINCHI. CONSTRUCCION DE SISTEMAS PRODUCTIVOS SOSTENIBLES EN LA AMAZONIA NORTE COLOMBIANA. 1. SISTEMAS PRODUCTIVOS SOSTENIBLES: AGROFORESTALES, SILVOPASTORILES, ENRIQUECIMIENTO FORESTAL. 2. ESPECIES FORESTALES PARA ESTABLECER EN SISTEMAS PRODUCTIVOS SOSTENIBLES. 3. PREPARACION, CONSERVACION Y MANEJO DEL CALDO TROFOBIOTICO: SUPER-4. 4. PREPARACION, CONSERVACION Y MANEJO DEL PREPARADO ORGANICO: EL BOCACHI. 5.\u00a0 PREPARACION, CONSERVACION Y MANEJO DEL CALDO TROFOBIOTICO: FERMENTADO ANAEROBICO. 6. PREPARACION, CONSERVACION Y MANEJO DE PURINES E HIDROLATOS. 7. PREPARACION, CONSERVACION Y MANEJO DEL CALDO MICROBACTERIAL DE USO INMEDIATO. 8. ENRIQUECIMIENTO DE COMPOSTOS. MULTIPLICACION DE MANTILLO DEL BOSQUE. San Jos\u00e9 del Guaviare, 2006<\/li>\n<li>CINDAP &#8211; COLCIENCIAS. AGENDA PROSPECTIVA DE CIENCIA Y TECNOLOGIA PARA EL NORTE AMAZONICO (GUAINIA, GUAVIARE, VAUPES). San Jos\u00e9 del Guaviare 2002<\/li>\n<li>CINDAP. CARTILLA BASICA DE ADMINISTRACION CAMPESINA. San Jos\u00e9 del Guaviare, 2002<\/li>\n<li>CINDAP. CARTILLA BASICA DE CONTABILIDAD PARA DIRECTIVOS Y SOCIOS DE ASOPROCAUCHO. San Jos\u00e9 del Guaviare, 2002<\/li>\n<li>CINDAP.\u00a0 CARTILLA BASICA DE CONTABILIDAD CAMPESINA. San Jos\u00e9 del Guaviare 2002<\/li>\n<li>CINDAP, 2007: LAS JUNTAS DE ACCION COMUNAL<\/li>\n<li>CINDAP, CDA CARTILLA DE COMANEJO DE LA SERRANIA DE LA LINDOSA, 2008<\/li>\n<li>CINDAP, ECOFONDO. LA GANADERIA SOSTENIBLE. 2011<\/li>\n<li>CINDAP, CDA, 2913: LA GANADER\u00cdA EN EL DEPARTAMENTO DEL GUAVIARE: RECUENTO DE UN DETERIORO AMBIENTAL ANUNCIADO Y POSIBILIDADES DE UNA RECONVERSI\u00d3N PRODUCTIVA SOSTENIBLE.<\/li>\n<\/ul>\n<ul>\n<li>CINDAP FPAA: &#8220;Manejo sostenible y posibilidades agroindustriales de la especie Oenocarpus bataua (palma de Milpesos o Seje) en el sur oriente del Departamento del Amazonas con participaci\u00f3n ind\u00edgena y comunitario en la comunidad de Macedonia&#8221;.<\/li>\n<li>CINDAP CORPOMIXTA: &#8220;Programa de formaci\u00f3n microempresarial en el Departamento del Guaviare&#8221;<\/li>\n<li>CINDAP-PRONATTA: &#8220;La Fruticultura, una alternativa real para los peque\u00f1os productore<\/li>\n<li>CINDAP. , 1995. , ESTUDIO DE LOS SISTEMAS DE PRODUCCI\u00d3N CON PERSPECTIVA DE G\u00c9NERO EN LA SUBREGI\u00d3N DEL SAN JUAN DEPARTAMENTO DEL CHOC\u00d3, Consejer\u00eda Presidencial para la Pol\u00edtica Social. Presidencia de la Rep\u00fablica. Informe de avance. 41p.<\/li>\n<li>CINDAP., 1995. , ESTUDIO DE LOS SISTEMAS DE PRODUCCI\u00d3N CON PERSPECTIVA DE G\u00c9NERO EN LA SUBREGI\u00d3N DEL SAN JUAN DEPARTAMENTO DEL CHOC\u00d3, Consejer\u00eda Presidencial para la Pol\u00edtica Social. Presidencia de la Rep\u00fablica. Informe final.100p.<\/li>\n<\/ul>\n\n","protected":false},"excerpt":{"rendered":"<p>CINDAP. 1994. ELABORACI\u00d3N DEL PLAN PROGRAM\u00c1TICO PARA LA CONFORMACI\u00d3N DEL CLUB JUVENIL COOPERATIVO DEL CAUCA SUBGRUPO PININOS I. Informe T\u00e9cnico presentado a la Cooperativa M\u00e9dica del Valle y de Profesionales de Colombia. 16p. CINDAP. 1996. PLAN OPERATIVO DEL PROGRAMA DE ASISTENCIA T\u00c9CNICA PARA PEQUE\u00d1OS AGRICULTORES EN SEIS MUNICIPIOS DEL NORTE DEL CAUCA. Informe presentado a:&hellip;&nbsp;<a href=\"https:\/\/cindap.org\/index.php\/produccion-intelectual\/\" class=\"\" rel=\"bookmark\">Leer m\u00e1s &raquo;<span class=\"screen-reader-text\">Producci\u00f3n intelectual<\/span><\/a><\/p>\n","protected":false},"author":1,"featured_media":0,"parent":0,"menu_order":0,"comment_status":"closed","ping_status":"closed","template":"","meta":{"om_disable_all_campaigns":false,"_monsterinsights_skip_tracking":false,"_monsterinsights_sitenote_active":false,"_monsterinsights_sitenote_note":"","_monsterinsights_sitenote_category":0,"neve_meta_sidebar":"full-width","neve_meta_container":"","neve_meta_enable_content_width":"on","neve_meta_content_width":100,"neve_meta_title_alignment":"","neve_meta_author_avatar":"","neve_post_elements_order":"","neve_meta_disable_header":"","neve_meta_disable_footer":"","neve_meta_disable_title":"","_ti_tpc_template_sync":false,"_ti_tpc_template_id":"","footnotes":""},"class_list":["post-24698","page","type-page","status-publish","hentry"],"_links":{"self":[{"href":"https:\/\/cindap.org\/index.php\/wp-json\/wp\/v2\/pages\/24698","targetHints":{"allow":["GET"]}}],"collection":[{"href":"https:\/\/cindap.org\/index.php\/wp-json\/wp\/v2\/pages"}],"about":[{"href":"https:\/\/cindap.org\/index.php\/wp-json\/wp\/v2\/types\/page"}],"author":[{"embeddable":true,"href":"https:\/\/cindap.org\/index.php\/wp-json\/wp\/v2\/users\/1"}],"replies":[{"embeddable":true,"href":"https:\/\/cindap.org\/index.php\/wp-json\/wp\/v2\/comments?post=24698"}],"version-history":[{"count":5,"href":"https:\/\/cindap.org\/index.php\/wp-json\/wp\/v2\/pages\/24698\/revisions"}],"predecessor-version":[{"id":24740,"href":"https:\/\/cindap.org\/index.php\/wp-json\/wp\/v2\/pages\/24698\/revisions\/24740"}],"wp:attachment":[{"href":"https:\/\/cindap.org\/index.php\/wp-json\/wp\/v2\/media?parent=24698"}],"curies":[{"name":"wp","href":"https:\/\/api.w.org\/{rel}","templated":true}]}}